{"id":147,"date":"2024-01-02T12:39:09","date_gmt":"2024-01-02T15:39:09","guid":{"rendered":"https:\/\/cronicasfantasticas.com.br\/?post_type=product&#038;p=147"},"modified":"2024-01-03T11:43:16","modified_gmt":"2024-01-03T14:43:16","slug":"o-dia-mais-escuro","status":"publish","type":"product","link":"https:\/\/cronicasfantasticas.com.br\/?product=o-dia-mais-escuro","title":{"rendered":"O Dia Mais Escuro"},"content":{"rendered":"<p>Sinopse: Uma mulher que teme as responsabilidades da vida adulta e, com o estado debilitado de seu pai, se v\u00ea obrigada a ser a l\u00edder de seu cl\u00e3 quando uma for\u00e7a estrangeira invade a regi\u00e3o para subjugar seu povo.<\/p>\n","protected":false},"excerpt":{"rendered":"<p>Sinopse: Uma mulher que teme as responsabilidades da vida adulta e, com o estado debilitado de seu pai, se v\u00ea obrigada a ser a l\u00edder de seu cl\u00e3 quando uma for\u00e7a estrangeira invade a regi\u00e3o para subjugar seu povo.<\/p>\n","protected":false},"featured_media":199,"comment_status":"open","ping_status":"closed","template":"","meta":[],"product_cat":[18],"product_tag":[19,21,20],"yoast_head":"<!-- This site is optimized with the Yoast SEO plugin v21.7 - https:\/\/yoast.com\/wordpress\/plugins\/seo\/ -->\n<title>O Dia Mais Escuro - Cr\u00f4nicas Fant\u00e1sticas<\/title>\n<meta name=\"robots\" content=\"index, follow, max-snippet:-1, max-image-preview:large, max-video-preview:-1\" \/>\n<link rel=\"canonical\" href=\"https:\/\/cronicasfantasticas.com.br\/?product=o-dia-mais-escuro\" \/>\n<meta property=\"og:locale\" content=\"en_US\" \/>\n<meta property=\"og:type\" content=\"article\" \/>\n<meta property=\"og:title\" content=\"O Dia Mais Escuro - Cr\u00f4nicas Fant\u00e1sticas\" \/>\n<meta property=\"og:description\" content=\"Sinopse: Uma mulher que teme as responsabilidades da vida adulta e, com o estado debilitado de seu pai, se v\u00ea obrigada a ser a l\u00edder de seu cl\u00e3 quando uma for\u00e7a estrangeira invade a regi\u00e3o para subjugar seu povo.\" \/>\n<meta property=\"og:url\" content=\"https:\/\/cronicasfantasticas.com.br\/?product=o-dia-mais-escuro\" \/>\n<meta property=\"og:site_name\" content=\"Cr\u00f4nicas Fant\u00e1sticas\" \/>\n<meta property=\"article:modified_time\" content=\"2024-01-03T14:43:16+00:00\" \/>\n<meta property=\"og:image\" content=\"https:\/\/cronicasfantasticas.com.br\/wp-content\/uploads\/2024\/01\/Capa-Tablet_O-Dia-Mais-Escuro_Conto.png\" \/>\n\t<meta property=\"og:image:width\" content=\"722\" \/>\n\t<meta property=\"og:image:height\" content=\"962\" \/>\n\t<meta property=\"og:image:type\" content=\"image\/png\" \/>\n<meta name=\"twitter:card\" content=\"summary_large_image\" \/>\n<meta name=\"twitter:site\" content=\"@CronicasFantast\" \/>\n<script type=\"application\/ld+json\" class=\"yoast-schema-graph\">{\"@context\":\"https:\/\/schema.org\",\"@graph\":[{\"@type\":\"WebPage\",\"@id\":\"https:\/\/cronicasfantasticas.com.br\/?product=o-dia-mais-escuro\",\"url\":\"https:\/\/cronicasfantasticas.com.br\/?product=o-dia-mais-escuro\",\"name\":\"O Dia Mais Escuro - Cr\u00f4nicas Fant\u00e1sticas\",\"isPartOf\":{\"@id\":\"https:\/\/cronicasfantasticas.com.br\/#website\"},\"datePublished\":\"2024-01-02T15:39:09+00:00\",\"dateModified\":\"2024-01-03T14:43:16+00:00\",\"breadcrumb\":{\"@id\":\"https:\/\/cronicasfantasticas.com.br\/?product=o-dia-mais-escuro#breadcrumb\"},\"inLanguage\":\"en-US\",\"potentialAction\":[{\"@type\":\"ReadAction\",\"target\":[\"https:\/\/cronicasfantasticas.com.br\/?product=o-dia-mais-escuro\"]}]},{\"@type\":\"BreadcrumbList\",\"@id\":\"https:\/\/cronicasfantasticas.com.br\/?product=o-dia-mais-escuro#breadcrumb\",\"itemListElement\":[{\"@type\":\"ListItem\",\"position\":1,\"name\":\"In\u00edcio\",\"item\":\"https:\/\/cronicasfantasticas.com.br\/\"},{\"@type\":\"ListItem\",\"position\":2,\"name\":\"Loja\",\"item\":\"https:\/\/cronicasfantasticas.com.br\/?page_id=135\"},{\"@type\":\"ListItem\",\"position\":3,\"name\":\"O Dia Mais Escuro\"}]},{\"@type\":\"WebSite\",\"@id\":\"https:\/\/cronicasfantasticas.com.br\/#website\",\"url\":\"https:\/\/cronicasfantasticas.com.br\/\",\"name\":\"Cr\u00f4nicas Fant\u00e1sticas\",\"description\":\"RPG e Literatura em um s\u00f3 lugar!\",\"publisher\":{\"@id\":\"https:\/\/cronicasfantasticas.com.br\/#organization\"},\"potentialAction\":[{\"@type\":\"SearchAction\",\"target\":{\"@type\":\"EntryPoint\",\"urlTemplate\":\"https:\/\/cronicasfantasticas.com.br\/?s={search_term_string}\"},\"query-input\":\"required name=search_term_string\"}],\"inLanguage\":\"en-US\"},{\"@type\":\"Organization\",\"@id\":\"https:\/\/cronicasfantasticas.com.br\/#organization\",\"name\":\"Cr\u00f4nicas Fant\u00e1sticas\",\"url\":\"https:\/\/cronicasfantasticas.com.br\/\",\"logo\":{\"@type\":\"ImageObject\",\"inLanguage\":\"en-US\",\"@id\":\"https:\/\/cronicasfantasticas.com.br\/#\/schema\/logo\/image\/\",\"url\":\"https:\/\/cronicasfantasticas.com.br\/wp-content\/uploads\/2024\/01\/Novo-Logo_Cronicas-Fantasticas-07.png\",\"contentUrl\":\"https:\/\/cronicasfantasticas.com.br\/wp-content\/uploads\/2024\/01\/Novo-Logo_Cronicas-Fantasticas-07.png\",\"width\":6249,\"height\":2794,\"caption\":\"Cr\u00f4nicas Fant\u00e1sticas\"},\"image\":{\"@id\":\"https:\/\/cronicasfantasticas.com.br\/#\/schema\/logo\/image\/\"},\"sameAs\":[\"https:\/\/twitter.com\/CronicasFantast\",\"https:\/\/www.instagram.com\/cronicasfantasticas\/\",\"https:\/\/www.youtube.com\/@cronicasfantasticas\",\"https:\/\/www.twitch.tv\/cronicasfantasticas\"]}]}<\/script>\n<!-- \/ Yoast SEO plugin. -->","yoast_head_json":{"title":"O Dia Mais Escuro - Cr\u00f4nicas Fant\u00e1sticas","robots":{"index":"index","follow":"follow","max-snippet":"max-snippet:-1","max-image-preview":"max-image-preview:large","max-video-preview":"max-video-preview:-1"},"canonical":"https:\/\/cronicasfantasticas.com.br\/?product=o-dia-mais-escuro","og_locale":"en_US","og_type":"article","og_title":"O Dia Mais Escuro - Cr\u00f4nicas Fant\u00e1sticas","og_description":"Sinopse: Uma mulher que teme as responsabilidades da vida adulta e, com o estado debilitado de seu pai, se v\u00ea obrigada a ser a l\u00edder de seu cl\u00e3 quando uma for\u00e7a estrangeira invade a regi\u00e3o para subjugar seu povo.","og_url":"https:\/\/cronicasfantasticas.com.br\/?product=o-dia-mais-escuro","og_site_name":"Cr\u00f4nicas Fant\u00e1sticas","article_modified_time":"2024-01-03T14:43:16+00:00","og_image":[{"width":722,"height":962,"url":"https:\/\/cronicasfantasticas.com.br\/wp-content\/uploads\/2024\/01\/Capa-Tablet_O-Dia-Mais-Escuro_Conto.png","type":"image\/png"}],"twitter_card":"summary_large_image","twitter_site":"@CronicasFantast","schema":{"@context":"https:\/\/schema.org","@graph":[{"@type":"WebPage","@id":"https:\/\/cronicasfantasticas.com.br\/?product=o-dia-mais-escuro","url":"https:\/\/cronicasfantasticas.com.br\/?product=o-dia-mais-escuro","name":"O Dia Mais Escuro - Cr\u00f4nicas Fant\u00e1sticas","isPartOf":{"@id":"https:\/\/cronicasfantasticas.com.br\/#website"},"datePublished":"2024-01-02T15:39:09+00:00","dateModified":"2024-01-03T14:43:16+00:00","breadcrumb":{"@id":"https:\/\/cronicasfantasticas.com.br\/?product=o-dia-mais-escuro#breadcrumb"},"inLanguage":"en-US","potentialAction":[{"@type":"ReadAction","target":["https:\/\/cronicasfantasticas.com.br\/?product=o-dia-mais-escuro"]}]},{"@type":"BreadcrumbList","@id":"https:\/\/cronicasfantasticas.com.br\/?product=o-dia-mais-escuro#breadcrumb","itemListElement":[{"@type":"ListItem","position":1,"name":"In\u00edcio","item":"https:\/\/cronicasfantasticas.com.br\/"},{"@type":"ListItem","position":2,"name":"Loja","item":"https:\/\/cronicasfantasticas.com.br\/?page_id=135"},{"@type":"ListItem","position":3,"name":"O Dia Mais Escuro"}]},{"@type":"WebSite","@id":"https:\/\/cronicasfantasticas.com.br\/#website","url":"https:\/\/cronicasfantasticas.com.br\/","name":"Cr\u00f4nicas Fant\u00e1sticas","description":"RPG e Literatura em um s\u00f3 lugar!","publisher":{"@id":"https:\/\/cronicasfantasticas.com.br\/#organization"},"potentialAction":[{"@type":"SearchAction","target":{"@type":"EntryPoint","urlTemplate":"https:\/\/cronicasfantasticas.com.br\/?s={search_term_string}"},"query-input":"required name=search_term_string"}],"inLanguage":"en-US"},{"@type":"Organization","@id":"https:\/\/cronicasfantasticas.com.br\/#organization","name":"Cr\u00f4nicas Fant\u00e1sticas","url":"https:\/\/cronicasfantasticas.com.br\/","logo":{"@type":"ImageObject","inLanguage":"en-US","@id":"https:\/\/cronicasfantasticas.com.br\/#\/schema\/logo\/image\/","url":"https:\/\/cronicasfantasticas.com.br\/wp-content\/uploads\/2024\/01\/Novo-Logo_Cronicas-Fantasticas-07.png","contentUrl":"https:\/\/cronicasfantasticas.com.br\/wp-content\/uploads\/2024\/01\/Novo-Logo_Cronicas-Fantasticas-07.png","width":6249,"height":2794,"caption":"Cr\u00f4nicas Fant\u00e1sticas"},"image":{"@id":"https:\/\/cronicasfantasticas.com.br\/#\/schema\/logo\/image\/"},"sameAs":["https:\/\/twitter.com\/CronicasFantast","https:\/\/www.instagram.com\/cronicasfantasticas\/","https:\/\/www.youtube.com\/@cronicasfantasticas","https:\/\/www.twitch.tv\/cronicasfantasticas"]}]}},"_links":{"self":[{"href":"https:\/\/cronicasfantasticas.com.br\/index.php?rest_route=\/wp\/v2\/product\/147"}],"collection":[{"href":"https:\/\/cronicasfantasticas.com.br\/index.php?rest_route=\/wp\/v2\/product"}],"about":[{"href":"https:\/\/cronicasfantasticas.com.br\/index.php?rest_route=\/wp\/v2\/types\/product"}],"replies":[{"embeddable":true,"href":"https:\/\/cronicasfantasticas.com.br\/index.php?rest_route=%2Fwp%2Fv2%2Fcomments&post=147"}],"wp:featuredmedia":[{"embeddable":true,"href":"https:\/\/cronicasfantasticas.com.br\/index.php?rest_route=\/wp\/v2\/media\/199"}],"wp:attachment":[{"href":"https:\/\/cronicasfantasticas.com.br\/index.php?rest_route=%2Fwp%2Fv2%2Fmedia&parent=147"}],"wp:term":[{"taxonomy":"product_cat","embeddable":true,"href":"https:\/\/cronicasfantasticas.com.br\/index.php?rest_route=%2Fwp%2Fv2%2Fproduct_cat&post=147"},{"taxonomy":"product_tag","embeddable":true,"href":"https:\/\/cronicasfantasticas.com.br\/index.php?rest_route=%2Fwp%2Fv2%2Fproduct_tag&post=147"}],"curies":[{"name":"wp","href":"https:\/\/api.w.org\/{rel}","templated":true}]}}