{"id":153,"date":"2024-01-02T13:35:38","date_gmt":"2024-01-02T16:35:38","guid":{"rendered":"https:\/\/cronicasfantasticas.com.br\/?post_type=product&#038;p=153"},"modified":"2024-07-10T09:55:40","modified_gmt":"2024-07-10T12:55:40","slug":"sonhos-de-primavera","status":"publish","type":"product","link":"https:\/\/cronicasfantasticas.com.br\/?product=sonhos-de-primavera","title":{"rendered":"Sonhos de Primavera"},"content":{"rendered":"<p>Sinopse:<\/p>\n<div class=\"flex-1 overflow-hidden\">\n<div class=\"react-scroll-to-bottom--css-iessn-79elbk h-full\">\n<div class=\"react-scroll-to-bottom--css-iessn-1n7m0yu\">\n<div class=\"flex flex-col pb-9 text-sm\">\n<div class=\"w-full text-token-text-primary\" data-testid=\"conversation-turn-3\">\n<div class=\"px-4 py-2 justify-center text-base md:gap-6 m-auto\">\n<div class=\"flex flex-1 text-base mx-auto gap-3 md:px-5 lg:px-1 xl:px-5 md:max-w-3xl lg:max-w-[40rem] xl:max-w-[48rem] group final-completion\">\n<div class=\"relative flex w-full flex-col lg:w-[calc(100%-115px)] agent-turn\">\n<div class=\"flex-col gap-1 md:gap-3\">\n<div class=\"flex flex-grow flex-col max-w-full\">\n<div class=\"min-h-[20px] text-message flex flex-col items-start gap-3 whitespace-pre-wrap break-words [.text-message+&amp;]:mt-5 overflow-x-auto\" data-message-author-role=\"assistant\" data-message-id=\"105ffafe-2e65-4619-a5b4-4c5d8d6412fe\">\n<div class=\"markdown prose w-full break-words dark:prose-invert dark\">\n<p>Num mundo mergulhado na eterna escurid\u00e3o, a humanidade se refugia sob uma redoma tecnol\u00f3gica para fugir dos mortais raios solares. Nesse cen\u00e1rio, um policial \u00e9 incumbido de investigar um misterioso assassinato: uma mulher teve seu C.R. arrancado, o que a tornou um &#8220;fantasma&#8221; \u00e0 merc\u00ea da liberdade perigosa fora do alcance das entidades governamentais e corporativas. A trama se desdobra ao revelar que os respons\u00e1veis pela remo\u00e7\u00e3o dos C.R. s\u00e3o os &#8220;puristas&#8221;, que almejam resgatar a humanidade perdida no emaranhado tecnol\u00f3gico. Eles criaram os &#8220;Sonhos de Primavera&#8221;, o\u00e1sis naturais entre os arranha-c\u00e9us, onde se busca a experi\u00eancia humana genu\u00edna, desprovida de interfer\u00eancia cibern\u00e9tica. A remo\u00e7\u00e3o dos C.R. \u00e9 simb\u00f3lica, representando a busca por uma exist\u00eancia livre da corrup\u00e7\u00e3o tecnol\u00f3gica. O policial se v\u00ea diante de um dilema moral ao confrontar os ideais dos puristas, enquanto mergulha num mundo de sombras e luz, lutando para desvendar o mist\u00e9rio e reconectar-se com a ess\u00eancia humana.<\/p>\n<\/div>\n<\/div>\n<\/div>\n<\/div>\n<\/div>\n<\/div>\n<\/div>\n<\/div>\n<\/div>\n<\/div>\n<\/div>\n<\/div>\n","protected":false},"excerpt":{"rendered":"<p>Sinopse:<\/p>\n<div class=\"flex-1 overflow-hidden\">\n<div class=\"react-scroll-to-bottom--css-iessn-79elbk h-full\">\n<div class=\"react-scroll-to-bottom--css-iessn-1n7m0yu\">\n<div class=\"flex flex-col pb-9 text-sm\">\n<div class=\"w-full text-token-text-primary\" data-testid=\"conversation-turn-3\">\n<div class=\"px-4 py-2 justify-center text-base md:gap-6 m-auto\">\n<div class=\"flex flex-1 text-base mx-auto gap-3 md:px-5 lg:px-1 xl:px-5 md:max-w-3xl lg:max-w-[40rem] xl:max-w-[48rem] group final-completion\">\n<div class=\"relative flex w-full flex-col lg:w-[calc(100%-115px)] agent-turn\">\n<div class=\"flex-col gap-1 md:gap-3\">\n<div class=\"flex flex-grow flex-col max-w-full\">\n<div class=\"min-h-[20px] text-message flex flex-col items-start gap-3 whitespace-pre-wrap break-words [.text-message+&amp;]:mt-5 overflow-x-auto\" data-message-author-role=\"assistant\" data-message-id=\"105ffafe-2e65-4619-a5b4-4c5d8d6412fe\">\n<div class=\"markdown prose w-full break-words dark:prose-invert dark\">\n<p>Num mundo mergulhado na eterna escurid\u00e3o, a humanidade se refugia sob uma redoma tecnol\u00f3gica para fugir dos mortais raios solares. Nesse cen\u00e1rio, um policial \u00e9 incumbido de investigar um misterioso assassinato: uma mulher teve seu C.R. arrancado, o que a tornou um &#8220;fantasma&#8221; \u00e0 merc\u00ea da liberdade perigosa fora do alcance das entidades governamentais e corporativas. A trama se desdobra ao revelar que os respons\u00e1veis pela remo\u00e7\u00e3o dos C.R. s\u00e3o os &#8220;puristas&#8221;, que almejam resgatar a humanidade perdida no emaranhado tecnol\u00f3gico. Eles criaram os &#8220;Sonhos de Primavera&#8221;, o\u00e1sis naturais entre os arranha-c\u00e9us, onde se busca a experi\u00eancia humana genu\u00edna, desprovida de interfer\u00eancia cibern\u00e9tica. A remo\u00e7\u00e3o dos C.R. \u00e9 simb\u00f3lica, representando a busca por uma exist\u00eancia livre da corrup\u00e7\u00e3o tecnol\u00f3gica. O policial se v\u00ea diante de um dilema moral ao confrontar os ideais dos puristas, enquanto mergulha num mundo de sombras e luz, lutando para desvendar o mist\u00e9rio e reconectar-se com a ess\u00eancia humana.<\/p>\n<\/div>\n<\/div>\n<\/div>\n<\/div>\n<\/div>\n<\/div>\n<\/div>\n<\/div>\n<\/div>\n<\/div>\n<\/div>\n<\/div>\n","protected":false},"featured_media":196,"comment_status":"open","ping_status":"closed","template":"","meta":[],"product_cat":[18],"product_tag":[19,24,20,23],"yoast_head":"<!-- This site is optimized with the Yoast SEO plugin v21.7 - https:\/\/yoast.com\/wordpress\/plugins\/seo\/ -->\n<title>Sonhos de Primavera - Cr\u00f4nicas Fant\u00e1sticas<\/title>\n<meta name=\"robots\" content=\"index, follow, max-snippet:-1, max-image-preview:large, max-video-preview:-1\" \/>\n<link rel=\"canonical\" href=\"https:\/\/cronicasfantasticas.com.br\/?product=sonhos-de-primavera\" \/>\n<meta property=\"og:locale\" content=\"en_US\" \/>\n<meta property=\"og:type\" content=\"article\" \/>\n<meta property=\"og:title\" content=\"Sonhos de Primavera - Cr\u00f4nicas Fant\u00e1sticas\" \/>\n<meta property=\"og:description\" content=\"Sinopse:              Num mundo mergulhado na eterna escurid\u00e3o, a humanidade se refugia sob uma redoma tecnol\u00f3gica para fugir dos mortais raios solares. Nesse cen\u00e1rio, um policial \u00e9 incumbido de investigar um misterioso assassinato: uma mulher teve seu C.R. arrancado, o que a tornou um &quot;fantasma&quot; \u00e0 merc\u00ea da liberdade perigosa fora do alcance das entidades governamentais e corporativas. A trama se desdobra ao revelar que os respons\u00e1veis pela remo\u00e7\u00e3o dos C.R. s\u00e3o os &quot;puristas&quot;, que almejam resgatar a humanidade perdida no emaranhado tecnol\u00f3gico. Eles criaram os &quot;Sonhos de Primavera&quot;, o\u00e1sis naturais entre os arranha-c\u00e9us, onde se busca a experi\u00eancia humana genu\u00edna, desprovida de interfer\u00eancia cibern\u00e9tica. A remo\u00e7\u00e3o dos C.R. \u00e9 simb\u00f3lica, representando a busca por uma exist\u00eancia livre da corrup\u00e7\u00e3o tecnol\u00f3gica. O policial se v\u00ea diante de um dilema moral ao confrontar os ideais dos puristas, enquanto mergulha num mundo de sombras e luz, lutando para desvendar o mist\u00e9rio e reconectar-se com a ess\u00eancia humana.\" \/>\n<meta property=\"og:url\" content=\"https:\/\/cronicasfantasticas.com.br\/?product=sonhos-de-primavera\" \/>\n<meta property=\"og:site_name\" content=\"Cr\u00f4nicas Fant\u00e1sticas\" \/>\n<meta property=\"article:modified_time\" content=\"2024-07-10T12:55:40+00:00\" \/>\n<meta property=\"og:image\" content=\"https:\/\/cronicasfantasticas.com.br\/wp-content\/uploads\/2024\/01\/Capa-Tablet_Sonho-de-Primavera_Conto.png\" \/>\n\t<meta property=\"og:image:width\" content=\"722\" \/>\n\t<meta property=\"og:image:height\" content=\"962\" \/>\n\t<meta property=\"og:image:type\" content=\"image\/png\" \/>\n<meta name=\"twitter:card\" content=\"summary_large_image\" \/>\n<meta name=\"twitter:site\" content=\"@CronicasFantast\" \/>\n<meta name=\"twitter:label1\" content=\"Est. reading time\" \/>\n\t<meta name=\"twitter:data1\" content=\"1 minute\" \/>\n<script type=\"application\/ld+json\" class=\"yoast-schema-graph\">{\"@context\":\"https:\/\/schema.org\",\"@graph\":[{\"@type\":\"WebPage\",\"@id\":\"https:\/\/cronicasfantasticas.com.br\/?product=sonhos-de-primavera\",\"url\":\"https:\/\/cronicasfantasticas.com.br\/?product=sonhos-de-primavera\",\"name\":\"Sonhos de Primavera - Cr\u00f4nicas Fant\u00e1sticas\",\"isPartOf\":{\"@id\":\"https:\/\/cronicasfantasticas.com.br\/#website\"},\"datePublished\":\"2024-01-02T16:35:38+00:00\",\"dateModified\":\"2024-07-10T12:55:40+00:00\",\"breadcrumb\":{\"@id\":\"https:\/\/cronicasfantasticas.com.br\/?product=sonhos-de-primavera#breadcrumb\"},\"inLanguage\":\"en-US\",\"potentialAction\":[{\"@type\":\"ReadAction\",\"target\":[\"https:\/\/cronicasfantasticas.com.br\/?product=sonhos-de-primavera\"]}]},{\"@type\":\"BreadcrumbList\",\"@id\":\"https:\/\/cronicasfantasticas.com.br\/?product=sonhos-de-primavera#breadcrumb\",\"itemListElement\":[{\"@type\":\"ListItem\",\"position\":1,\"name\":\"In\u00edcio\",\"item\":\"https:\/\/cronicasfantasticas.com.br\/\"},{\"@type\":\"ListItem\",\"position\":2,\"name\":\"Loja\",\"item\":\"https:\/\/cronicasfantasticas.com.br\/?page_id=135\"},{\"@type\":\"ListItem\",\"position\":3,\"name\":\"Sonhos de Primavera\"}]},{\"@type\":\"WebSite\",\"@id\":\"https:\/\/cronicasfantasticas.com.br\/#website\",\"url\":\"https:\/\/cronicasfantasticas.com.br\/\",\"name\":\"Cr\u00f4nicas Fant\u00e1sticas\",\"description\":\"RPG e Literatura em um s\u00f3 lugar!\",\"publisher\":{\"@id\":\"https:\/\/cronicasfantasticas.com.br\/#organization\"},\"potentialAction\":[{\"@type\":\"SearchAction\",\"target\":{\"@type\":\"EntryPoint\",\"urlTemplate\":\"https:\/\/cronicasfantasticas.com.br\/?s={search_term_string}\"},\"query-input\":\"required name=search_term_string\"}],\"inLanguage\":\"en-US\"},{\"@type\":\"Organization\",\"@id\":\"https:\/\/cronicasfantasticas.com.br\/#organization\",\"name\":\"Cr\u00f4nicas Fant\u00e1sticas\",\"url\":\"https:\/\/cronicasfantasticas.com.br\/\",\"logo\":{\"@type\":\"ImageObject\",\"inLanguage\":\"en-US\",\"@id\":\"https:\/\/cronicasfantasticas.com.br\/#\/schema\/logo\/image\/\",\"url\":\"https:\/\/cronicasfantasticas.com.br\/wp-content\/uploads\/2024\/01\/Novo-Logo_Cronicas-Fantasticas-07.png\",\"contentUrl\":\"https:\/\/cronicasfantasticas.com.br\/wp-content\/uploads\/2024\/01\/Novo-Logo_Cronicas-Fantasticas-07.png\",\"width\":6249,\"height\":2794,\"caption\":\"Cr\u00f4nicas Fant\u00e1sticas\"},\"image\":{\"@id\":\"https:\/\/cronicasfantasticas.com.br\/#\/schema\/logo\/image\/\"},\"sameAs\":[\"https:\/\/twitter.com\/CronicasFantast\",\"https:\/\/www.instagram.com\/cronicasfantasticas\/\",\"https:\/\/www.youtube.com\/@cronicasfantasticas\",\"https:\/\/www.twitch.tv\/cronicasfantasticas\"]}]}<\/script>\n<!-- \/ Yoast SEO plugin. -->","yoast_head_json":{"title":"Sonhos de Primavera - Cr\u00f4nicas Fant\u00e1sticas","robots":{"index":"index","follow":"follow","max-snippet":"max-snippet:-1","max-image-preview":"max-image-preview:large","max-video-preview":"max-video-preview:-1"},"canonical":"https:\/\/cronicasfantasticas.com.br\/?product=sonhos-de-primavera","og_locale":"en_US","og_type":"article","og_title":"Sonhos de Primavera - Cr\u00f4nicas Fant\u00e1sticas","og_description":"Sinopse:              Num mundo mergulhado na eterna escurid\u00e3o, a humanidade se refugia sob uma redoma tecnol\u00f3gica para fugir dos mortais raios solares. Nesse cen\u00e1rio, um policial \u00e9 incumbido de investigar um misterioso assassinato: uma mulher teve seu C.R. arrancado, o que a tornou um \"fantasma\" \u00e0 merc\u00ea da liberdade perigosa fora do alcance das entidades governamentais e corporativas. A trama se desdobra ao revelar que os respons\u00e1veis pela remo\u00e7\u00e3o dos C.R. s\u00e3o os \"puristas\", que almejam resgatar a humanidade perdida no emaranhado tecnol\u00f3gico. Eles criaram os \"Sonhos de Primavera\", o\u00e1sis naturais entre os arranha-c\u00e9us, onde se busca a experi\u00eancia humana genu\u00edna, desprovida de interfer\u00eancia cibern\u00e9tica. A remo\u00e7\u00e3o dos C.R. \u00e9 simb\u00f3lica, representando a busca por uma exist\u00eancia livre da corrup\u00e7\u00e3o tecnol\u00f3gica. O policial se v\u00ea diante de um dilema moral ao confrontar os ideais dos puristas, enquanto mergulha num mundo de sombras e luz, lutando para desvendar o mist\u00e9rio e reconectar-se com a ess\u00eancia humana.","og_url":"https:\/\/cronicasfantasticas.com.br\/?product=sonhos-de-primavera","og_site_name":"Cr\u00f4nicas Fant\u00e1sticas","article_modified_time":"2024-07-10T12:55:40+00:00","og_image":[{"width":722,"height":962,"url":"https:\/\/cronicasfantasticas.com.br\/wp-content\/uploads\/2024\/01\/Capa-Tablet_Sonho-de-Primavera_Conto.png","type":"image\/png"}],"twitter_card":"summary_large_image","twitter_site":"@CronicasFantast","twitter_misc":{"Est. reading time":"1 minute"},"schema":{"@context":"https:\/\/schema.org","@graph":[{"@type":"WebPage","@id":"https:\/\/cronicasfantasticas.com.br\/?product=sonhos-de-primavera","url":"https:\/\/cronicasfantasticas.com.br\/?product=sonhos-de-primavera","name":"Sonhos de Primavera - Cr\u00f4nicas Fant\u00e1sticas","isPartOf":{"@id":"https:\/\/cronicasfantasticas.com.br\/#website"},"datePublished":"2024-01-02T16:35:38+00:00","dateModified":"2024-07-10T12:55:40+00:00","breadcrumb":{"@id":"https:\/\/cronicasfantasticas.com.br\/?product=sonhos-de-primavera#breadcrumb"},"inLanguage":"en-US","potentialAction":[{"@type":"ReadAction","target":["https:\/\/cronicasfantasticas.com.br\/?product=sonhos-de-primavera"]}]},{"@type":"BreadcrumbList","@id":"https:\/\/cronicasfantasticas.com.br\/?product=sonhos-de-primavera#breadcrumb","itemListElement":[{"@type":"ListItem","position":1,"name":"In\u00edcio","item":"https:\/\/cronicasfantasticas.com.br\/"},{"@type":"ListItem","position":2,"name":"Loja","item":"https:\/\/cronicasfantasticas.com.br\/?page_id=135"},{"@type":"ListItem","position":3,"name":"Sonhos de Primavera"}]},{"@type":"WebSite","@id":"https:\/\/cronicasfantasticas.com.br\/#website","url":"https:\/\/cronicasfantasticas.com.br\/","name":"Cr\u00f4nicas Fant\u00e1sticas","description":"RPG e Literatura em um s\u00f3 lugar!","publisher":{"@id":"https:\/\/cronicasfantasticas.com.br\/#organization"},"potentialAction":[{"@type":"SearchAction","target":{"@type":"EntryPoint","urlTemplate":"https:\/\/cronicasfantasticas.com.br\/?s={search_term_string}"},"query-input":"required name=search_term_string"}],"inLanguage":"en-US"},{"@type":"Organization","@id":"https:\/\/cronicasfantasticas.com.br\/#organization","name":"Cr\u00f4nicas Fant\u00e1sticas","url":"https:\/\/cronicasfantasticas.com.br\/","logo":{"@type":"ImageObject","inLanguage":"en-US","@id":"https:\/\/cronicasfantasticas.com.br\/#\/schema\/logo\/image\/","url":"https:\/\/cronicasfantasticas.com.br\/wp-content\/uploads\/2024\/01\/Novo-Logo_Cronicas-Fantasticas-07.png","contentUrl":"https:\/\/cronicasfantasticas.com.br\/wp-content\/uploads\/2024\/01\/Novo-Logo_Cronicas-Fantasticas-07.png","width":6249,"height":2794,"caption":"Cr\u00f4nicas Fant\u00e1sticas"},"image":{"@id":"https:\/\/cronicasfantasticas.com.br\/#\/schema\/logo\/image\/"},"sameAs":["https:\/\/twitter.com\/CronicasFantast","https:\/\/www.instagram.com\/cronicasfantasticas\/","https:\/\/www.youtube.com\/@cronicasfantasticas","https:\/\/www.twitch.tv\/cronicasfantasticas"]}]}},"_links":{"self":[{"href":"https:\/\/cronicasfantasticas.com.br\/index.php?rest_route=\/wp\/v2\/product\/153"}],"collection":[{"href":"https:\/\/cronicasfantasticas.com.br\/index.php?rest_route=\/wp\/v2\/product"}],"about":[{"href":"https:\/\/cronicasfantasticas.com.br\/index.php?rest_route=\/wp\/v2\/types\/product"}],"replies":[{"embeddable":true,"href":"https:\/\/cronicasfantasticas.com.br\/index.php?rest_route=%2Fwp%2Fv2%2Fcomments&post=153"}],"wp:featuredmedia":[{"embeddable":true,"href":"https:\/\/cronicasfantasticas.com.br\/index.php?rest_route=\/wp\/v2\/media\/196"}],"wp:attachment":[{"href":"https:\/\/cronicasfantasticas.com.br\/index.php?rest_route=%2Fwp%2Fv2%2Fmedia&parent=153"}],"wp:term":[{"taxonomy":"product_cat","embeddable":true,"href":"https:\/\/cronicasfantasticas.com.br\/index.php?rest_route=%2Fwp%2Fv2%2Fproduct_cat&post=153"},{"taxonomy":"product_tag","embeddable":true,"href":"https:\/\/cronicasfantasticas.com.br\/index.php?rest_route=%2Fwp%2Fv2%2Fproduct_tag&post=153"}],"curies":[{"name":"wp","href":"https:\/\/api.w.org\/{rel}","templated":true}]}}