{"id":171,"date":"2024-01-02T14:38:26","date_gmt":"2024-01-02T17:38:26","guid":{"rendered":"https:\/\/cronicasfantasticas.com.br\/?post_type=product&#038;p=171"},"modified":"2024-01-03T11:57:04","modified_gmt":"2024-01-03T14:57:04","slug":"halloween-dos-classicos","status":"publish","type":"product","link":"https:\/\/cronicasfantasticas.com.br\/?product=halloween-dos-classicos","title":{"rendered":"Halloween dos Cl\u00e1ssicos"},"content":{"rendered":"<p>&#8220;Halloween dos Cl\u00e1ssicos&#8221; \u00e9 uma antologia de contos de terror escritos por contistas nacionais que prestam homenagem aos mestres do g\u00eanero. Cada hist\u00f3ria mergulha os leitores em um universo macabro, explorando temas e atmosferas inspiradas por H. P. Lovecraft, Mary Shelley, Edgar Allan Poe e Bram Stoker.<\/p>\n<p>Os contos transportam os leitores para mundos sombrios e desconhecidos, envolvendo-os em tramas repletas de mist\u00e9rio, horror c\u00f3smico, monstros indescrit\u00edveis, seres sobrenaturais e o confronto com o desconhecido.<\/p>\n<p>Das profundezas oce\u00e2nicas \u00e0 solid\u00e3o de castelos enevoados, cada autor nacional contribui com sua vis\u00e3o \u00fanica, capturando a ess\u00eancia dos cl\u00e1ssicos do terror enquanto introduzem elementos e cen\u00e1rios caracter\u00edsticos da cultura brasileira. Prepare-se para ser arrebatado por hist\u00f3rias intensas, mergulhando no terror atemporal que ecoa al\u00e9m das p\u00e1ginas e das eras.<\/p>\n","protected":false},"excerpt":{"rendered":"<p>&#8220;Halloween dos Cl\u00e1ssicos&#8221; \u00e9 uma antologia de contos de terror escritos por contistas nacionais que prestam homenagem aos mestres do g\u00eanero. Cada hist\u00f3ria mergulha os leitores em um universo macabro, explorando temas e atmosferas inspiradas por H. P. Lovecraft, Mary Shelley, Edgar Allan Poe e Bram Stoker.<\/p>\n<p>Os contos transportam os leitores para mundos sombrios e desconhecidos, envolvendo-os em tramas repletas de mist\u00e9rio, horror c\u00f3smico, monstros indescrit\u00edveis, seres sobrenaturais e o confronto com o desconhecido.<\/p>\n<p>Das profundezas oce\u00e2nicas \u00e0 solid\u00e3o de castelos enevoados, cada autor nacional contribui com sua vis\u00e3o \u00fanica, capturando a ess\u00eancia dos cl\u00e1ssicos do terror enquanto introduzem elementos e cen\u00e1rios caracter\u00edsticos da cultura brasileira. Prepare-se para ser arrebatado por hist\u00f3rias intensas, mergulhando no terror atemporal que ecoa al\u00e9m das p\u00e1ginas e das eras.<\/p>\n","protected":false},"featured_media":203,"comment_status":"open","ping_status":"closed","template":"","meta":[],"product_cat":[25,18],"product_tag":[28,19,21,29,26,20,27],"yoast_head":"<!-- This site is optimized with the Yoast SEO plugin v21.7 - https:\/\/yoast.com\/wordpress\/plugins\/seo\/ -->\n<title>Halloween dos Cl\u00e1ssicos - Cr\u00f4nicas Fant\u00e1sticas<\/title>\n<meta name=\"robots\" content=\"index, follow, max-snippet:-1, max-image-preview:large, max-video-preview:-1\" \/>\n<link rel=\"canonical\" href=\"https:\/\/cronicasfantasticas.com.br\/?product=halloween-dos-classicos\" \/>\n<meta property=\"og:locale\" content=\"en_US\" \/>\n<meta property=\"og:type\" content=\"article\" \/>\n<meta property=\"og:title\" content=\"Halloween dos Cl\u00e1ssicos - Cr\u00f4nicas Fant\u00e1sticas\" \/>\n<meta property=\"og:description\" content=\"&quot;Halloween dos Cl\u00e1ssicos&quot; \u00e9 uma antologia de contos de terror escritos por contistas nacionais que prestam homenagem aos mestres do g\u00eanero. Cada hist\u00f3ria mergulha os leitores em um universo macabro, explorando temas e atmosferas inspiradas por H. P. Lovecraft, Mary Shelley, Edgar Allan Poe e Bram Stoker.  Os contos transportam os leitores para mundos sombrios e desconhecidos, envolvendo-os em tramas repletas de mist\u00e9rio, horror c\u00f3smico, monstros indescrit\u00edveis, seres sobrenaturais e o confronto com o desconhecido.  Das profundezas oce\u00e2nicas \u00e0 solid\u00e3o de castelos enevoados, cada autor nacional contribui com sua vis\u00e3o \u00fanica, capturando a ess\u00eancia dos cl\u00e1ssicos do terror enquanto introduzem elementos e cen\u00e1rios caracter\u00edsticos da cultura brasileira. Prepare-se para ser arrebatado por hist\u00f3rias intensas, mergulhando no terror atemporal que ecoa al\u00e9m das p\u00e1ginas e das eras.\" \/>\n<meta property=\"og:url\" content=\"https:\/\/cronicasfantasticas.com.br\/?product=halloween-dos-classicos\" \/>\n<meta property=\"og:site_name\" content=\"Cr\u00f4nicas Fant\u00e1sticas\" \/>\n<meta property=\"article:modified_time\" content=\"2024-01-03T14:57:04+00:00\" \/>\n<meta property=\"og:image\" content=\"https:\/\/cronicasfantasticas.com.br\/wp-content\/uploads\/2024\/01\/Capa_Halloween-dos-Classicos_Antologia.png\" \/>\n\t<meta property=\"og:image:width\" content=\"722\" \/>\n\t<meta property=\"og:image:height\" content=\"962\" \/>\n\t<meta property=\"og:image:type\" content=\"image\/png\" \/>\n<meta name=\"twitter:card\" content=\"summary_large_image\" \/>\n<meta name=\"twitter:site\" content=\"@CronicasFantast\" \/>\n<meta name=\"twitter:label1\" content=\"Est. reading time\" \/>\n\t<meta name=\"twitter:data1\" content=\"1 minute\" \/>\n<script type=\"application\/ld+json\" class=\"yoast-schema-graph\">{\"@context\":\"https:\/\/schema.org\",\"@graph\":[{\"@type\":\"WebPage\",\"@id\":\"https:\/\/cronicasfantasticas.com.br\/?product=halloween-dos-classicos\",\"url\":\"https:\/\/cronicasfantasticas.com.br\/?product=halloween-dos-classicos\",\"name\":\"Halloween dos Cl\u00e1ssicos - Cr\u00f4nicas Fant\u00e1sticas\",\"isPartOf\":{\"@id\":\"https:\/\/cronicasfantasticas.com.br\/#website\"},\"datePublished\":\"2024-01-02T17:38:26+00:00\",\"dateModified\":\"2024-01-03T14:57:04+00:00\",\"breadcrumb\":{\"@id\":\"https:\/\/cronicasfantasticas.com.br\/?product=halloween-dos-classicos#breadcrumb\"},\"inLanguage\":\"en-US\",\"potentialAction\":[{\"@type\":\"ReadAction\",\"target\":[\"https:\/\/cronicasfantasticas.com.br\/?product=halloween-dos-classicos\"]}]},{\"@type\":\"BreadcrumbList\",\"@id\":\"https:\/\/cronicasfantasticas.com.br\/?product=halloween-dos-classicos#breadcrumb\",\"itemListElement\":[{\"@type\":\"ListItem\",\"position\":1,\"name\":\"In\u00edcio\",\"item\":\"https:\/\/cronicasfantasticas.com.br\/\"},{\"@type\":\"ListItem\",\"position\":2,\"name\":\"Loja\",\"item\":\"https:\/\/cronicasfantasticas.com.br\/?page_id=135\"},{\"@type\":\"ListItem\",\"position\":3,\"name\":\"Halloween dos Cl\u00e1ssicos\"}]},{\"@type\":\"WebSite\",\"@id\":\"https:\/\/cronicasfantasticas.com.br\/#website\",\"url\":\"https:\/\/cronicasfantasticas.com.br\/\",\"name\":\"Cr\u00f4nicas Fant\u00e1sticas\",\"description\":\"RPG e Literatura em um s\u00f3 lugar!\",\"publisher\":{\"@id\":\"https:\/\/cronicasfantasticas.com.br\/#organization\"},\"potentialAction\":[{\"@type\":\"SearchAction\",\"target\":{\"@type\":\"EntryPoint\",\"urlTemplate\":\"https:\/\/cronicasfantasticas.com.br\/?s={search_term_string}\"},\"query-input\":\"required name=search_term_string\"}],\"inLanguage\":\"en-US\"},{\"@type\":\"Organization\",\"@id\":\"https:\/\/cronicasfantasticas.com.br\/#organization\",\"name\":\"Cr\u00f4nicas Fant\u00e1sticas\",\"url\":\"https:\/\/cronicasfantasticas.com.br\/\",\"logo\":{\"@type\":\"ImageObject\",\"inLanguage\":\"en-US\",\"@id\":\"https:\/\/cronicasfantasticas.com.br\/#\/schema\/logo\/image\/\",\"url\":\"https:\/\/cronicasfantasticas.com.br\/wp-content\/uploads\/2024\/01\/Novo-Logo_Cronicas-Fantasticas-07.png\",\"contentUrl\":\"https:\/\/cronicasfantasticas.com.br\/wp-content\/uploads\/2024\/01\/Novo-Logo_Cronicas-Fantasticas-07.png\",\"width\":6249,\"height\":2794,\"caption\":\"Cr\u00f4nicas Fant\u00e1sticas\"},\"image\":{\"@id\":\"https:\/\/cronicasfantasticas.com.br\/#\/schema\/logo\/image\/\"},\"sameAs\":[\"https:\/\/twitter.com\/CronicasFantast\",\"https:\/\/www.instagram.com\/cronicasfantasticas\/\",\"https:\/\/www.youtube.com\/@cronicasfantasticas\",\"https:\/\/www.twitch.tv\/cronicasfantasticas\"]}]}<\/script>\n<!-- \/ Yoast SEO plugin. -->","yoast_head_json":{"title":"Halloween dos Cl\u00e1ssicos - Cr\u00f4nicas Fant\u00e1sticas","robots":{"index":"index","follow":"follow","max-snippet":"max-snippet:-1","max-image-preview":"max-image-preview:large","max-video-preview":"max-video-preview:-1"},"canonical":"https:\/\/cronicasfantasticas.com.br\/?product=halloween-dos-classicos","og_locale":"en_US","og_type":"article","og_title":"Halloween dos Cl\u00e1ssicos - Cr\u00f4nicas Fant\u00e1sticas","og_description":"\"Halloween dos Cl\u00e1ssicos\" \u00e9 uma antologia de contos de terror escritos por contistas nacionais que prestam homenagem aos mestres do g\u00eanero. Cada hist\u00f3ria mergulha os leitores em um universo macabro, explorando temas e atmosferas inspiradas por H. P. Lovecraft, Mary Shelley, Edgar Allan Poe e Bram Stoker.  Os contos transportam os leitores para mundos sombrios e desconhecidos, envolvendo-os em tramas repletas de mist\u00e9rio, horror c\u00f3smico, monstros indescrit\u00edveis, seres sobrenaturais e o confronto com o desconhecido.  Das profundezas oce\u00e2nicas \u00e0 solid\u00e3o de castelos enevoados, cada autor nacional contribui com sua vis\u00e3o \u00fanica, capturando a ess\u00eancia dos cl\u00e1ssicos do terror enquanto introduzem elementos e cen\u00e1rios caracter\u00edsticos da cultura brasileira. Prepare-se para ser arrebatado por hist\u00f3rias intensas, mergulhando no terror atemporal que ecoa al\u00e9m das p\u00e1ginas e das eras.","og_url":"https:\/\/cronicasfantasticas.com.br\/?product=halloween-dos-classicos","og_site_name":"Cr\u00f4nicas Fant\u00e1sticas","article_modified_time":"2024-01-03T14:57:04+00:00","og_image":[{"width":722,"height":962,"url":"https:\/\/cronicasfantasticas.com.br\/wp-content\/uploads\/2024\/01\/Capa_Halloween-dos-Classicos_Antologia.png","type":"image\/png"}],"twitter_card":"summary_large_image","twitter_site":"@CronicasFantast","twitter_misc":{"Est. reading time":"1 minute"},"schema":{"@context":"https:\/\/schema.org","@graph":[{"@type":"WebPage","@id":"https:\/\/cronicasfantasticas.com.br\/?product=halloween-dos-classicos","url":"https:\/\/cronicasfantasticas.com.br\/?product=halloween-dos-classicos","name":"Halloween dos Cl\u00e1ssicos - Cr\u00f4nicas Fant\u00e1sticas","isPartOf":{"@id":"https:\/\/cronicasfantasticas.com.br\/#website"},"datePublished":"2024-01-02T17:38:26+00:00","dateModified":"2024-01-03T14:57:04+00:00","breadcrumb":{"@id":"https:\/\/cronicasfantasticas.com.br\/?product=halloween-dos-classicos#breadcrumb"},"inLanguage":"en-US","potentialAction":[{"@type":"ReadAction","target":["https:\/\/cronicasfantasticas.com.br\/?product=halloween-dos-classicos"]}]},{"@type":"BreadcrumbList","@id":"https:\/\/cronicasfantasticas.com.br\/?product=halloween-dos-classicos#breadcrumb","itemListElement":[{"@type":"ListItem","position":1,"name":"In\u00edcio","item":"https:\/\/cronicasfantasticas.com.br\/"},{"@type":"ListItem","position":2,"name":"Loja","item":"https:\/\/cronicasfantasticas.com.br\/?page_id=135"},{"@type":"ListItem","position":3,"name":"Halloween dos Cl\u00e1ssicos"}]},{"@type":"WebSite","@id":"https:\/\/cronicasfantasticas.com.br\/#website","url":"https:\/\/cronicasfantasticas.com.br\/","name":"Cr\u00f4nicas Fant\u00e1sticas","description":"RPG e Literatura em um s\u00f3 lugar!","publisher":{"@id":"https:\/\/cronicasfantasticas.com.br\/#organization"},"potentialAction":[{"@type":"SearchAction","target":{"@type":"EntryPoint","urlTemplate":"https:\/\/cronicasfantasticas.com.br\/?s={search_term_string}"},"query-input":"required name=search_term_string"}],"inLanguage":"en-US"},{"@type":"Organization","@id":"https:\/\/cronicasfantasticas.com.br\/#organization","name":"Cr\u00f4nicas Fant\u00e1sticas","url":"https:\/\/cronicasfantasticas.com.br\/","logo":{"@type":"ImageObject","inLanguage":"en-US","@id":"https:\/\/cronicasfantasticas.com.br\/#\/schema\/logo\/image\/","url":"https:\/\/cronicasfantasticas.com.br\/wp-content\/uploads\/2024\/01\/Novo-Logo_Cronicas-Fantasticas-07.png","contentUrl":"https:\/\/cronicasfantasticas.com.br\/wp-content\/uploads\/2024\/01\/Novo-Logo_Cronicas-Fantasticas-07.png","width":6249,"height":2794,"caption":"Cr\u00f4nicas Fant\u00e1sticas"},"image":{"@id":"https:\/\/cronicasfantasticas.com.br\/#\/schema\/logo\/image\/"},"sameAs":["https:\/\/twitter.com\/CronicasFantast","https:\/\/www.instagram.com\/cronicasfantasticas\/","https:\/\/www.youtube.com\/@cronicasfantasticas","https:\/\/www.twitch.tv\/cronicasfantasticas"]}]}},"_links":{"self":[{"href":"https:\/\/cronicasfantasticas.com.br\/index.php?rest_route=\/wp\/v2\/product\/171"}],"collection":[{"href":"https:\/\/cronicasfantasticas.com.br\/index.php?rest_route=\/wp\/v2\/product"}],"about":[{"href":"https:\/\/cronicasfantasticas.com.br\/index.php?rest_route=\/wp\/v2\/types\/product"}],"replies":[{"embeddable":true,"href":"https:\/\/cronicasfantasticas.com.br\/index.php?rest_route=%2Fwp%2Fv2%2Fcomments&post=171"}],"wp:featuredmedia":[{"embeddable":true,"href":"https:\/\/cronicasfantasticas.com.br\/index.php?rest_route=\/wp\/v2\/media\/203"}],"wp:attachment":[{"href":"https:\/\/cronicasfantasticas.com.br\/index.php?rest_route=%2Fwp%2Fv2%2Fmedia&parent=171"}],"wp:term":[{"taxonomy":"product_cat","embeddable":true,"href":"https:\/\/cronicasfantasticas.com.br\/index.php?rest_route=%2Fwp%2Fv2%2Fproduct_cat&post=171"},{"taxonomy":"product_tag","embeddable":true,"href":"https:\/\/cronicasfantasticas.com.br\/index.php?rest_route=%2Fwp%2Fv2%2Fproduct_tag&post=171"}],"curies":[{"name":"wp","href":"https:\/\/api.w.org\/{rel}","templated":true}]}}