{"id":173,"date":"2024-01-02T14:56:00","date_gmt":"2024-01-02T17:56:00","guid":{"rendered":"https:\/\/cronicasfantasticas.com.br\/?post_type=product&#038;p=173"},"modified":"2025-11-17T01:33:23","modified_gmt":"2025-11-17T04:33:23","slug":"mundos-invertidos","status":"publish","type":"product","link":"https:\/\/cronicasfantasticas.com.br\/?product=mundos-invertidos","title":{"rendered":"Mundos Invertidos"},"content":{"rendered":"<p>&#8220;Mundos Invertidos&#8221; \u00e9 uma antologia de contos de terror que desafia os limites da realidade, mergulhando em realidades paralelas. Autores nacionais conduzem os leitores por um passeio tenebroso por universos alternativos, onde a distor\u00e7\u00e3o da realidade e a invers\u00e3o do cotidiano se tornam a ess\u00eancia do terror.<\/p>\n<p>Cada conto explora um mundo paralelo, oferecendo vislumbres perturbadores de realidades onde as leis naturais e a normalidade s\u00e3o distorcidas e o desconhecido domina. Os leitores ser\u00e3o transportados para terras sombrias, onde o familiar se torna estranho, e o inexplic\u00e1vel se torna assustadoramente tang\u00edvel.<\/p>\n","protected":false},"excerpt":{"rendered":"<p>Das distor\u00e7\u00f5es temporais a dimens\u00f5es surreais, cada autor nacional oferece uma vis\u00e3o \u00fanica sobre esses Mundos Invertidos, desafiando a percep\u00e7\u00e3o do leitor sobre o que \u00e9 real e o que \u00e9 fantasia.<\/p>\n<p>Prepare-se para se perder em realidades paralelas repletas de mist\u00e9rio, medo e a constante sensa\u00e7\u00e3o de que algo est\u00e1 terrivelmente errado.<\/p>\n","protected":false},"featured_media":201,"comment_status":"open","ping_status":"closed","template":"","meta":[],"product_cat":[25],"product_tag":[28,19,29,26,20,27],"yoast_head":"<!-- This site is optimized with the Yoast SEO plugin v21.7 - https:\/\/yoast.com\/wordpress\/plugins\/seo\/ -->\n<title>Mundos Invertidos - Cr\u00f4nicas Fant\u00e1sticas<\/title>\n<meta name=\"robots\" content=\"index, follow, max-snippet:-1, max-image-preview:large, max-video-preview:-1\" \/>\n<link rel=\"canonical\" href=\"https:\/\/cronicasfantasticas.com.br\/?product=mundos-invertidos\" \/>\n<meta property=\"og:locale\" content=\"en_US\" \/>\n<meta property=\"og:type\" content=\"article\" \/>\n<meta property=\"og:title\" content=\"Mundos Invertidos - Cr\u00f4nicas Fant\u00e1sticas\" \/>\n<meta property=\"og:description\" content=\"Das distor\u00e7\u00f5es temporais a dimens\u00f5es surreais, cada autor nacional oferece uma vis\u00e3o \u00fanica sobre esses Mundos Invertidos, desafiando a percep\u00e7\u00e3o do leitor sobre o que \u00e9 real e o que \u00e9 fantasia.  Prepare-se para se perder em realidades paralelas repletas de mist\u00e9rio, medo e a constante sensa\u00e7\u00e3o de que algo est\u00e1 terrivelmente errado.\" \/>\n<meta property=\"og:url\" content=\"https:\/\/cronicasfantasticas.com.br\/?product=mundos-invertidos\" \/>\n<meta property=\"og:site_name\" content=\"Cr\u00f4nicas Fant\u00e1sticas\" \/>\n<meta property=\"article:modified_time\" content=\"2025-11-17T04:33:23+00:00\" \/>\n<meta property=\"og:image\" content=\"https:\/\/cronicasfantasticas.com.br\/wp-content\/uploads\/2024\/01\/Capa_Mundos-Invertidos_Antologia.png\" \/>\n\t<meta property=\"og:image:width\" content=\"722\" \/>\n\t<meta property=\"og:image:height\" content=\"962\" \/>\n\t<meta property=\"og:image:type\" content=\"image\/png\" \/>\n<meta name=\"twitter:card\" content=\"summary_large_image\" \/>\n<meta name=\"twitter:site\" content=\"@CronicasFantast\" \/>\n<script type=\"application\/ld+json\" class=\"yoast-schema-graph\">{\"@context\":\"https:\/\/schema.org\",\"@graph\":[{\"@type\":\"WebPage\",\"@id\":\"https:\/\/cronicasfantasticas.com.br\/?product=mundos-invertidos\",\"url\":\"https:\/\/cronicasfantasticas.com.br\/?product=mundos-invertidos\",\"name\":\"Mundos Invertidos - Cr\u00f4nicas Fant\u00e1sticas\",\"isPartOf\":{\"@id\":\"https:\/\/cronicasfantasticas.com.br\/#website\"},\"datePublished\":\"2024-01-02T17:56:00+00:00\",\"dateModified\":\"2025-11-17T04:33:23+00:00\",\"breadcrumb\":{\"@id\":\"https:\/\/cronicasfantasticas.com.br\/?product=mundos-invertidos#breadcrumb\"},\"inLanguage\":\"en-US\",\"potentialAction\":[{\"@type\":\"ReadAction\",\"target\":[\"https:\/\/cronicasfantasticas.com.br\/?product=mundos-invertidos\"]}]},{\"@type\":\"BreadcrumbList\",\"@id\":\"https:\/\/cronicasfantasticas.com.br\/?product=mundos-invertidos#breadcrumb\",\"itemListElement\":[{\"@type\":\"ListItem\",\"position\":1,\"name\":\"In\u00edcio\",\"item\":\"https:\/\/cronicasfantasticas.com.br\/\"},{\"@type\":\"ListItem\",\"position\":2,\"name\":\"Loja\",\"item\":\"https:\/\/cronicasfantasticas.com.br\/?page_id=135\"},{\"@type\":\"ListItem\",\"position\":3,\"name\":\"Mundos Invertidos\"}]},{\"@type\":\"WebSite\",\"@id\":\"https:\/\/cronicasfantasticas.com.br\/#website\",\"url\":\"https:\/\/cronicasfantasticas.com.br\/\",\"name\":\"Cr\u00f4nicas Fant\u00e1sticas\",\"description\":\"RPG e Literatura em um s\u00f3 lugar!\",\"publisher\":{\"@id\":\"https:\/\/cronicasfantasticas.com.br\/#organization\"},\"potentialAction\":[{\"@type\":\"SearchAction\",\"target\":{\"@type\":\"EntryPoint\",\"urlTemplate\":\"https:\/\/cronicasfantasticas.com.br\/?s={search_term_string}\"},\"query-input\":\"required name=search_term_string\"}],\"inLanguage\":\"en-US\"},{\"@type\":\"Organization\",\"@id\":\"https:\/\/cronicasfantasticas.com.br\/#organization\",\"name\":\"Cr\u00f4nicas Fant\u00e1sticas\",\"url\":\"https:\/\/cronicasfantasticas.com.br\/\",\"logo\":{\"@type\":\"ImageObject\",\"inLanguage\":\"en-US\",\"@id\":\"https:\/\/cronicasfantasticas.com.br\/#\/schema\/logo\/image\/\",\"url\":\"https:\/\/cronicasfantasticas.com.br\/wp-content\/uploads\/2024\/01\/Novo-Logo_Cronicas-Fantasticas-07.png\",\"contentUrl\":\"https:\/\/cronicasfantasticas.com.br\/wp-content\/uploads\/2024\/01\/Novo-Logo_Cronicas-Fantasticas-07.png\",\"width\":6249,\"height\":2794,\"caption\":\"Cr\u00f4nicas Fant\u00e1sticas\"},\"image\":{\"@id\":\"https:\/\/cronicasfantasticas.com.br\/#\/schema\/logo\/image\/\"},\"sameAs\":[\"https:\/\/twitter.com\/CronicasFantast\",\"https:\/\/www.instagram.com\/cronicasfantasticas\/\",\"https:\/\/www.youtube.com\/@cronicasfantasticas\",\"https:\/\/www.twitch.tv\/cronicasfantasticas\"]}]}<\/script>\n<!-- \/ Yoast SEO plugin. -->","yoast_head_json":{"title":"Mundos Invertidos - Cr\u00f4nicas Fant\u00e1sticas","robots":{"index":"index","follow":"follow","max-snippet":"max-snippet:-1","max-image-preview":"max-image-preview:large","max-video-preview":"max-video-preview:-1"},"canonical":"https:\/\/cronicasfantasticas.com.br\/?product=mundos-invertidos","og_locale":"en_US","og_type":"article","og_title":"Mundos Invertidos - Cr\u00f4nicas Fant\u00e1sticas","og_description":"Das distor\u00e7\u00f5es temporais a dimens\u00f5es surreais, cada autor nacional oferece uma vis\u00e3o \u00fanica sobre esses Mundos Invertidos, desafiando a percep\u00e7\u00e3o do leitor sobre o que \u00e9 real e o que \u00e9 fantasia.  Prepare-se para se perder em realidades paralelas repletas de mist\u00e9rio, medo e a constante sensa\u00e7\u00e3o de que algo est\u00e1 terrivelmente errado.","og_url":"https:\/\/cronicasfantasticas.com.br\/?product=mundos-invertidos","og_site_name":"Cr\u00f4nicas Fant\u00e1sticas","article_modified_time":"2025-11-17T04:33:23+00:00","og_image":[{"width":722,"height":962,"url":"https:\/\/cronicasfantasticas.com.br\/wp-content\/uploads\/2024\/01\/Capa_Mundos-Invertidos_Antologia.png","type":"image\/png"}],"twitter_card":"summary_large_image","twitter_site":"@CronicasFantast","schema":{"@context":"https:\/\/schema.org","@graph":[{"@type":"WebPage","@id":"https:\/\/cronicasfantasticas.com.br\/?product=mundos-invertidos","url":"https:\/\/cronicasfantasticas.com.br\/?product=mundos-invertidos","name":"Mundos Invertidos - Cr\u00f4nicas Fant\u00e1sticas","isPartOf":{"@id":"https:\/\/cronicasfantasticas.com.br\/#website"},"datePublished":"2024-01-02T17:56:00+00:00","dateModified":"2025-11-17T04:33:23+00:00","breadcrumb":{"@id":"https:\/\/cronicasfantasticas.com.br\/?product=mundos-invertidos#breadcrumb"},"inLanguage":"en-US","potentialAction":[{"@type":"ReadAction","target":["https:\/\/cronicasfantasticas.com.br\/?product=mundos-invertidos"]}]},{"@type":"BreadcrumbList","@id":"https:\/\/cronicasfantasticas.com.br\/?product=mundos-invertidos#breadcrumb","itemListElement":[{"@type":"ListItem","position":1,"name":"In\u00edcio","item":"https:\/\/cronicasfantasticas.com.br\/"},{"@type":"ListItem","position":2,"name":"Loja","item":"https:\/\/cronicasfantasticas.com.br\/?page_id=135"},{"@type":"ListItem","position":3,"name":"Mundos Invertidos"}]},{"@type":"WebSite","@id":"https:\/\/cronicasfantasticas.com.br\/#website","url":"https:\/\/cronicasfantasticas.com.br\/","name":"Cr\u00f4nicas Fant\u00e1sticas","description":"RPG e Literatura em um s\u00f3 lugar!","publisher":{"@id":"https:\/\/cronicasfantasticas.com.br\/#organization"},"potentialAction":[{"@type":"SearchAction","target":{"@type":"EntryPoint","urlTemplate":"https:\/\/cronicasfantasticas.com.br\/?s={search_term_string}"},"query-input":"required name=search_term_string"}],"inLanguage":"en-US"},{"@type":"Organization","@id":"https:\/\/cronicasfantasticas.com.br\/#organization","name":"Cr\u00f4nicas Fant\u00e1sticas","url":"https:\/\/cronicasfantasticas.com.br\/","logo":{"@type":"ImageObject","inLanguage":"en-US","@id":"https:\/\/cronicasfantasticas.com.br\/#\/schema\/logo\/image\/","url":"https:\/\/cronicasfantasticas.com.br\/wp-content\/uploads\/2024\/01\/Novo-Logo_Cronicas-Fantasticas-07.png","contentUrl":"https:\/\/cronicasfantasticas.com.br\/wp-content\/uploads\/2024\/01\/Novo-Logo_Cronicas-Fantasticas-07.png","width":6249,"height":2794,"caption":"Cr\u00f4nicas Fant\u00e1sticas"},"image":{"@id":"https:\/\/cronicasfantasticas.com.br\/#\/schema\/logo\/image\/"},"sameAs":["https:\/\/twitter.com\/CronicasFantast","https:\/\/www.instagram.com\/cronicasfantasticas\/","https:\/\/www.youtube.com\/@cronicasfantasticas","https:\/\/www.twitch.tv\/cronicasfantasticas"]}]}},"_links":{"self":[{"href":"https:\/\/cronicasfantasticas.com.br\/index.php?rest_route=\/wp\/v2\/product\/173"}],"collection":[{"href":"https:\/\/cronicasfantasticas.com.br\/index.php?rest_route=\/wp\/v2\/product"}],"about":[{"href":"https:\/\/cronicasfantasticas.com.br\/index.php?rest_route=\/wp\/v2\/types\/product"}],"replies":[{"embeddable":true,"href":"https:\/\/cronicasfantasticas.com.br\/index.php?rest_route=%2Fwp%2Fv2%2Fcomments&post=173"}],"wp:featuredmedia":[{"embeddable":true,"href":"https:\/\/cronicasfantasticas.com.br\/index.php?rest_route=\/wp\/v2\/media\/201"}],"wp:attachment":[{"href":"https:\/\/cronicasfantasticas.com.br\/index.php?rest_route=%2Fwp%2Fv2%2Fmedia&parent=173"}],"wp:term":[{"taxonomy":"product_cat","embeddable":true,"href":"https:\/\/cronicasfantasticas.com.br\/index.php?rest_route=%2Fwp%2Fv2%2Fproduct_cat&post=173"},{"taxonomy":"product_tag","embeddable":true,"href":"https:\/\/cronicasfantasticas.com.br\/index.php?rest_route=%2Fwp%2Fv2%2Fproduct_tag&post=173"}],"curies":[{"name":"wp","href":"https:\/\/api.w.org\/{rel}","templated":true}]}}